{"id":4063,"date":"2016-10-28T22:14:31","date_gmt":"2016-10-28T22:14:31","guid":{"rendered":"http:\/\/macphoto.evatheme.com\/demo\/?page_id=2"},"modified":"2019-10-14T00:49:29","modified_gmt":"2019-10-13T22:49:29","slug":"chi-sono","status":"publish","type":"page","link":"https:\/\/pieroanichini.it\/en\/chi-sono\/","title":{"rendered":"Who I am"},"content":{"rendered":"<div class=\"row-container  bg-scroll boxed\" style=\"\"><div class=\"container\"><div class=\"row\" style=\" padding-right: 185px; padding-left: 185px;\"><div class=\"col-md-12\"><div class=\"row\"><div class=\"cs-element  col-md-12\" style=\"margin-bottom:60px;\"><h2 style=\"text-align: justify;\">He operates and works in his home studio near Florence. The intense artistic journey he has been on allows him to draw from countless experiences.<\/h2>\n<h2><img class=\"alignnone wp-image-4259 size-full\" src=\"https:\/\/pieroanichini.it\/wp-content\/uploads\/2017\/06\/logo-anichini-piccolo-bianco-1.png\" alt=\"\" width=\"348\" height=\"122\" \/><\/h2>\n<\/div><\/div><\/div><\/div><\/div><\/div><div class=\"row-container  cstheme_parallax pl40 pr40  full_width\" style=\"background-image:url(https:\/\/pieroanichini.it\/wp-content\/uploads\/2017\/06\/FINE-ESTATE.jpg);\"><div class=\"row\" style=\" padding-top: 650px; padding-right: 185px; padding-bottom: 150px; padding-left: 185px;\"><div class=\"col-md-12\"><\/div><\/div><\/div><div class=\"row-container  bg-scroll boxed\" style=\"\"><div class=\"container\"><div class=\"row\" style=\" padding-top: 100px; padding-right: 185px; padding-left: 185px;\"><div class=\"col-md-12\"><div class=\"row\"><div class=\"cs-element  col-md-12\" style=\"margin-bottom:60px;\"><p style=\"text-align: justify;\" class=\" translation-block\">\u201cI am interested in the relationship with reality, because I can look at the information it provides and indulge its nature and language. But there is more. These natural elements are usually excuses for the shapes and even symbols that arise from my subconscious. I choose to convey a message of simplicity, calm and thoughtfulness, rather than torment or despondency. The atmosphere in each painting must come through as a \u2018painting of silence\u2019, without noise or excess. The pictorial space can have its own life, leaving all temporal conventions behind and focusing on a specific moment in time, a moment whose end I don\u2019t wish to witness. Colour can spread outside of confined shapes and create partial abstraction: a compromise that reduces the call of the material. I look for juxtapositions between opposite forces, simplicity and complexity, formal rigour and form dissolution. I use contrasting and complementary warm and cold tones\u2026 to evoke movement that exists within the boundaries of the painting. As a result, the final stage of any work in progress is never completely predictable. And this is how it should be. Being aware of the direction of modern painting (or the end of it) and the limits of tradition, I use my research as an opportunity to create an intimate and personal relationship with the invisible reality. As Cezanne said: \u201cPainting is not just about copying nature; it\u2019s creating harmony between different relationships, transposing them into a specific system of tones, and developing them according to the rules of a new, original logic.\u201d A closing thought from Matisse: \u201cWhoever truly has something to say is driven to say it by his emotions, which lead him to developing the work in relation to his individual qualities.\u201d<\/p>\n<\/div><\/div><\/div><\/div><\/div><\/div><div class=\"row-container  bg-scroll pl40 pr40  full_width\" style=\"\"><div class=\"row\" style=\"\"><div class=\"col-md-12\"><div class=\"row\"><div class=\"cs-element  cs-divider col-md-12\" style=\"margin-bottom:90px;\"><div style=\"background-color:#37383e; height: 1px;\"><\/div><\/div><\/div><\/div><\/div><\/div><div class=\"row-container  bg-scroll boxed\" style=\"\"><div class=\"container\"><div class=\"row\" style=\" padding-right: 185px; padding-left: 185px;\"><div class=\"col-md-12\"><div class=\"row\"><div class=\"cs-element  col-md-12\" style=\"margin-bottom:60px;\"><h2 style=\"text-align: center;\">Training<\/h2>\n<\/div><\/div><div class=\"row\"><div class=\"cs-element  col-md-12\" style=\"margin-bottom:60px;\"><p style=\"text-align: left;\">\u2022 Scuola di Nudo Accademia di Firenze<br \/>\u2022 Formazione negli atelier dei pittori altoatesini Gotthard Bonell e Robert Bosisio<br \/>\u2022 Formazione nell\u2019atelier dell\u2019artista umbro Ernando Venanzi, pittore ufficiale di Casa Grimaldi \u2013 Principato di Monaco<br \/>\u2022 Partecipazione al movimento pittorico Antroposofico Steineriano presso la Casa Atelier di Fiorenza de Angelis<br \/>\u2022 Ricerche nel campo della Psicomagia (A. Jodorowsky)<\/p>\n<\/div><\/div><\/div><\/div><\/div><\/div><div class=\"row-container  cstheme_parallax pl40 pr40  full_width\" style=\"background-image:url(https:\/\/pieroanichini.it\/wp-content\/uploads\/2017\/06\/VENTO-DI-MARE.jpg);\"><div class=\"row\" style=\" padding-top: 650px; padding-right: 185px; padding-bottom: 150px; padding-left: 185px;\"><div class=\"col-md-12\"><\/div><\/div><\/div>","protected":false},"excerpt":{"rendered":"<p>Opera e lavora nella sua casa-studio nei pressi di Firenze, ha vissuto un percorso artistico intenso con la possibilit\u00e0 di attingere a innumerevoli esperienze. &#8220;Mi interessa il rapporto con la realt\u00e0 perch\u00e9 osservo i dati che essa mi offre, con l&#8217;intenzione di assecondare la loro natura e il loro linguaggio, ma non solo. Gli elementi sono in genere dei pretesti cio\u00e8 forme e a volte anche simboli, generalmente inconsci. Scelgo di esprimere un messaggio di [&hellip;]<\/p>","protected":false},"author":1,"featured_media":0,"parent":0,"menu_order":0,"comment_status":"closed","ping_status":"open","template":"","meta":[],"yoast_head":"<!-- This site is optimized with the Yoast SEO plugin v20.1 - https:\/\/yoast.com\/wordpress\/plugins\/seo\/ -->\n<title>Chi Sono - Ho un personale rapporto con l\u2019invisibile realt\u00e0 - Piero Anichini<\/title>\n<meta name=\"description\" content=\"Piero Anichini: mi interessa il rapporto con la realt\u00e0 perch\u00e9 osservo ci\u00f2 che essa mi offre, assecondando la loro natura e il loro linguaggio.\" \/>\n<meta name=\"robots\" content=\"index, follow, max-snippet:-1, max-image-preview:large, max-video-preview:-1\" \/>\n<link rel=\"canonical\" href=\"https:\/\/pieroanichini.it\/en\/chi-sono\/\" \/>\n<meta property=\"og:locale\" content=\"en_US\" \/>\n<meta property=\"og:type\" content=\"article\" \/>\n<meta property=\"og:title\" content=\"Chi Sono - Ho un personale rapporto con l\u2019invisibile realt\u00e0 - Piero Anichini\" \/>\n<meta property=\"og:description\" content=\"Piero Anichini: mi interessa il rapporto con la realt\u00e0 perch\u00e9 osservo ci\u00f2 che essa mi offre, assecondando la loro natura e il loro linguaggio.\" \/>\n<meta property=\"og:url\" content=\"https:\/\/pieroanichini.it\/en\/chi-sono\/\" \/>\n<meta property=\"og:site_name\" content=\"Piero Anichini\" \/>\n<meta property=\"article:modified_time\" content=\"2019-10-13T22:49:29+00:00\" \/>\n<meta name=\"twitter:card\" content=\"summary_large_image\" \/>\n<script type=\"application\/ld+json\" class=\"yoast-schema-graph\">{\"@context\":\"https:\/\/schema.org\",\"@graph\":[{\"@type\":\"WebPage\",\"@id\":\"https:\/\/pieroanichini.it\/en\/chi-sono\/\",\"url\":\"https:\/\/pieroanichini.it\/en\/chi-sono\/\",\"name\":\"Chi Sono - Ho un personale rapporto con l\u2019invisibile realt\u00e0 - Piero Anichini\",\"isPartOf\":{\"@id\":\"https:\/\/pieroanichini.it\/#website\"},\"datePublished\":\"2016-10-28T22:14:31+00:00\",\"dateModified\":\"2019-10-13T22:49:29+00:00\",\"description\":\"Piero Anichini: mi interessa il rapporto con la realt\u00e0 perch\u00e9 osservo ci\u00f2 che essa mi offre, assecondando la loro natura e il loro linguaggio.\",\"breadcrumb\":{\"@id\":\"https:\/\/pieroanichini.it\/en\/chi-sono\/#breadcrumb\"},\"inLanguage\":\"en-US\",\"potentialAction\":[{\"@type\":\"ReadAction\",\"target\":[\"https:\/\/pieroanichini.it\/en\/chi-sono\/\"]}]},{\"@type\":\"BreadcrumbList\",\"@id\":\"https:\/\/pieroanichini.it\/en\/chi-sono\/#breadcrumb\",\"itemListElement\":[{\"@type\":\"ListItem\",\"position\":1,\"name\":\"Home\",\"item\":\"https:\/\/pieroanichini.it\/\"},{\"@type\":\"ListItem\",\"position\":2,\"name\":\"Chi Sono\"}]},{\"@type\":\"WebSite\",\"@id\":\"https:\/\/pieroanichini.it\/#website\",\"url\":\"https:\/\/pieroanichini.it\/\",\"name\":\"Piero Anichini Pittore\",\"description\":\"Pittore\",\"publisher\":{\"@id\":\"https:\/\/pieroanichini.it\/#organization\"},\"potentialAction\":[{\"@type\":\"SearchAction\",\"target\":{\"@type\":\"EntryPoint\",\"urlTemplate\":\"https:\/\/pieroanichini.it\/?s={search_term_string}\"},\"query-input\":\"required name=search_term_string\"}],\"inLanguage\":\"en-US\"},{\"@type\":\"Organization\",\"@id\":\"https:\/\/pieroanichini.it\/#organization\",\"name\":\"Piero Anichini Pittore\",\"url\":\"https:\/\/pieroanichini.it\/\",\"logo\":{\"@type\":\"ImageObject\",\"inLanguage\":\"en-US\",\"@id\":\"https:\/\/pieroanichini.it\/#\/schema\/logo\/image\/\",\"url\":\"https:\/\/pieroanichini.it\/wp-content\/uploads\/2016\/10\/firma-anichini.png\",\"contentUrl\":\"https:\/\/pieroanichini.it\/wp-content\/uploads\/2016\/10\/firma-anichini.png\",\"width\":5008,\"height\":1755,\"caption\":\"Piero Anichini Pittore\"},\"image\":{\"@id\":\"https:\/\/pieroanichini.it\/#\/schema\/logo\/image\/\"}}]}<\/script>\n<!-- \/ Yoast SEO plugin. -->","yoast_head_json":{"title":"Chi Sono - Ho un personale rapporto con l\u2019invisibile realt\u00e0 - Piero Anichini","description":"Piero Anichini: mi interessa il rapporto con la realt\u00e0 perch\u00e9 osservo ci\u00f2 che essa mi offre, assecondando la loro natura e il loro linguaggio.","robots":{"index":"index","follow":"follow","max-snippet":"max-snippet:-1","max-image-preview":"max-image-preview:large","max-video-preview":"max-video-preview:-1"},"canonical":"https:\/\/pieroanichini.it\/en\/chi-sono\/","og_locale":"en_US","og_type":"article","og_title":"Chi Sono - Ho un personale rapporto con l\u2019invisibile realt\u00e0 - Piero Anichini","og_description":"Piero Anichini: mi interessa il rapporto con la realt\u00e0 perch\u00e9 osservo ci\u00f2 che essa mi offre, assecondando la loro natura e il loro linguaggio.","og_url":"https:\/\/pieroanichini.it\/en\/chi-sono\/","og_site_name":"Piero Anichini","article_modified_time":"2019-10-13T22:49:29+00:00","twitter_card":"summary_large_image","schema":{"@context":"https:\/\/schema.org","@graph":[{"@type":"WebPage","@id":"https:\/\/pieroanichini.it\/en\/chi-sono\/","url":"https:\/\/pieroanichini.it\/en\/chi-sono\/","name":"Chi Sono - Ho un personale rapporto con l\u2019invisibile realt\u00e0 - Piero Anichini","isPartOf":{"@id":"https:\/\/pieroanichini.it\/#website"},"datePublished":"2016-10-28T22:14:31+00:00","dateModified":"2019-10-13T22:49:29+00:00","description":"Piero Anichini: mi interessa il rapporto con la realt\u00e0 perch\u00e9 osservo ci\u00f2 che essa mi offre, assecondando la loro natura e il loro linguaggio.","breadcrumb":{"@id":"https:\/\/pieroanichini.it\/en\/chi-sono\/#breadcrumb"},"inLanguage":"en-US","potentialAction":[{"@type":"ReadAction","target":["https:\/\/pieroanichini.it\/en\/chi-sono\/"]}]},{"@type":"BreadcrumbList","@id":"https:\/\/pieroanichini.it\/en\/chi-sono\/#breadcrumb","itemListElement":[{"@type":"ListItem","position":1,"name":"Home","item":"https:\/\/pieroanichini.it\/"},{"@type":"ListItem","position":2,"name":"Chi Sono"}]},{"@type":"WebSite","@id":"https:\/\/pieroanichini.it\/#website","url":"https:\/\/pieroanichini.it\/","name":"Piero Anichini Pittore","description":"Pittore","publisher":{"@id":"https:\/\/pieroanichini.it\/#organization"},"potentialAction":[{"@type":"SearchAction","target":{"@type":"EntryPoint","urlTemplate":"https:\/\/pieroanichini.it\/?s={search_term_string}"},"query-input":"required name=search_term_string"}],"inLanguage":"en-US"},{"@type":"Organization","@id":"https:\/\/pieroanichini.it\/#organization","name":"Piero Anichini Pittore","url":"https:\/\/pieroanichini.it\/","logo":{"@type":"ImageObject","inLanguage":"en-US","@id":"https:\/\/pieroanichini.it\/#\/schema\/logo\/image\/","url":"https:\/\/pieroanichini.it\/wp-content\/uploads\/2016\/10\/firma-anichini.png","contentUrl":"https:\/\/pieroanichini.it\/wp-content\/uploads\/2016\/10\/firma-anichini.png","width":5008,"height":1755,"caption":"Piero Anichini Pittore"},"image":{"@id":"https:\/\/pieroanichini.it\/#\/schema\/logo\/image\/"}}]}},"_links":{"self":[{"href":"https:\/\/pieroanichini.it\/en\/wp-json\/wp\/v2\/pages\/4063"}],"collection":[{"href":"https:\/\/pieroanichini.it\/en\/wp-json\/wp\/v2\/pages"}],"about":[{"href":"https:\/\/pieroanichini.it\/en\/wp-json\/wp\/v2\/types\/page"}],"author":[{"embeddable":true,"href":"https:\/\/pieroanichini.it\/en\/wp-json\/wp\/v2\/users\/1"}],"replies":[{"embeddable":true,"href":"https:\/\/pieroanichini.it\/en\/wp-json\/wp\/v2\/comments?post=4063"}],"version-history":[{"count":2,"href":"https:\/\/pieroanichini.it\/en\/wp-json\/wp\/v2\/pages\/4063\/revisions"}],"predecessor-version":[{"id":4371,"href":"https:\/\/pieroanichini.it\/en\/wp-json\/wp\/v2\/pages\/4063\/revisions\/4371"}],"wp:attachment":[{"href":"https:\/\/pieroanichini.it\/en\/wp-json\/wp\/v2\/media?parent=4063"}],"curies":[{"name":"wp","href":"https:\/\/api.w.org\/{rel}","templated":true}]}}